{"id":237,"date":"2024-10-24T09:26:07","date_gmt":"2024-10-24T07:26:07","guid":{"rendered":"https:\/\/emerytura.mentor.pl\/?page_id=237"},"modified":"2024-10-25T08:08:36","modified_gmt":"2024-10-25T06:08:36","slug":"start","status":"publish","type":"page","link":"https:\/\/emerytura.mentor.pl\/","title":{"rendered":"START"},"content":{"rendered":"\n<figure class=\"wp-block-video aligncenter\"><video height=\"1080\" style=\"aspect-ratio: 1920 \/ 1080;\" width=\"1920\" autoplay controls muted src=\"https:\/\/emerytura.mentor.pl\/wp-content\/uploads\/2024\/10\/Mentor_30sek_promo.mov\"><\/video><\/figure>\n\n\n\n<p>Mentor S.A. zapewnia kompleksowe czynno\u015bci brokerskie na najwy\u017cszym poziomie, potwierdzone certyfikatem jako\u015bci <strong>ISO 9001:2015<\/strong>. Gwarantujemy absolutn\u0105 poufno\u015b\u0107 powierzonych nam informacji potwierdzon\u0105 przez System Zarz\u0105dzania Bezpiecze\u0144stwem Informacji (<strong>certyfikat ISO 27001:2017)<\/strong>.<\/p>\n\n\n\n<p>Jeste\u015bmy obecnie <strong>jednym z najwi\u0119kszych broker\u00f3w z wy\u0142\u0105cznie polskim kapita\u0142em<\/strong>, od lat plasuj\u0105c si\u0119 w czo\u0142\u00f3wce ranking\u00f3w firm brokerskich w Polsce. Nr 1 jako niezale\u017cny podmiot.<\/p>\n\n\n\n<div class=\"wp-block-file\"><a id=\"wp-block-file--media-2a84fa17-75ca-443e-a219-962618a2ed9c\" href=\"https:\/\/emerytura.mentor.pl\/wp-content\/uploads\/2024\/10\/Ranking-brokerow_2024.pdf\"><strong><mark style=\"background-color:rgba(0, 0, 0, 0)\" class=\"has-inline-color has-vivid-cyan-blue-color\">Ranking broker\u00f3w_2024<\/mark><\/strong><\/a><a href=\"https:\/\/emerytura.mentor.pl\/wp-content\/uploads\/2024\/10\/Ranking-brokerow_2024.pdf\" class=\"wp-block-file__button wp-element-button\" download aria-describedby=\"wp-block-file--media-2a84fa17-75ca-443e-a219-962618a2ed9c\"><strong><mark style=\"background-color:rgba(0, 0, 0, 0)\" class=\"has-inline-color has-white-color\">Pobierz<\/mark><\/strong><\/a><\/div>\n\n\n\n<p>Ponadto potwierdzeniem \u015bwiadczenia us\u0142ug na najwy\u017cszym poziomie s\u0105 <strong>liczne nagrody i wyr\u00f3\u017cnienia<\/strong> przyznane naszej Sp\u00f3\u0142ce.<\/p>\n\n\n\n<p>Teraz Polska<\/p>\n\n\n\n<p><a href=\"https:\/\/www.mentor.pl\/aktualnosci\/mentor-nagrodzony-godlem-teraz-polska\" target=\"_blank\" rel=\"noreferrer noopener\">https:\/\/www.mentor.pl\/aktualnosci\/mentor-nagrodzony-godlem-teraz-polska<\/a><\/p>\n\n\n\n<p>Diamenty Forbesa 2024<\/p>\n\n\n\n<p><a href=\"https:\/\/www.mentor.pl\/aktualnosci\/mentor-laureatem-diamentow-forbesa-2024\" target=\"_blank\" rel=\"noreferrer noopener\">https:\/\/www.mentor.pl\/aktualnosci\/mentor-laureatem-diamentow-forbesa-2024<\/a><\/p>\n\n\n\n<p>Medal Europejski<\/p>\n\n\n\n<p><a href=\"https:\/\/www.mentor.pl\/aktualnosci\/mentor-z-kolejnym-wyroznieniem-mentor-cargo\" target=\"_blank\" rel=\"noreferrer noopener\">https:\/\/www.mentor.pl\/aktualnosci\/mentor-z-kolejnym-wyroznieniem-mentor-cargo<\/a><\/p>\n\n\n\n<p><a href=\"https:\/\/www.mentor.pl\/aktualnosci\/medal-europejski-za-MRC\" target=\"_blank\" rel=\"noreferrer noopener\">https:\/\/www.mentor.pl\/aktualnosci\/medal-europejski-za-MRC<\/a><\/p>\n\n\n\n<p>Ambasador Polskiej Gospodarki<\/p>\n\n\n\n<p><a href=\"https:\/\/www.mentor.pl\/aktualnosci\/ambasador-polskiej-gospodarki-2023\" target=\"_blank\" rel=\"noreferrer noopener\">https:\/\/www.mentor.pl\/aktualnosci\/ambasador-polskiej-gospodarki-2023<\/a><\/p>\n\n\n\n<p>TOP Builder 2023<\/p>\n\n\n\n<p><a href=\"https:\/\/www.mentor.pl\/aktualnosci\/nagroda-topbuilder-dla-mentor\" target=\"_blank\" rel=\"noreferrer noopener\">https:\/\/www.mentor.pl\/aktualnosci\/nagroda-topbuilder-dla-mentor<\/a><\/p>\n\n\n\n<p>Dobra Firma 2021<\/p>\n\n\n\n<p><a href=\"https:\/\/www.mentor.pl\/aktualnosci\/dobra-firma-2021-kategoria-pracodawca\" target=\"_blank\" rel=\"noreferrer noopener\">https:\/\/www.mentor.pl\/aktualnosci\/dobra-firma-2021-kategoria-pracodawca<\/a><\/p>\n\n\n\n<p><\/p>\n\n\n\n<p><\/p>\n","protected":false},"excerpt":{"rendered":"<p>Mentor S.A. zapewnia kompleksowe czynno\u015bci brokerskie na najwy\u017cszym poziomie, potwierdzone certyfikatem jako\u015bci ISO 9001:2015. Gwarantujemy absolutn\u0105 poufno\u015b\u0107 powierzonych nam informacji potwierdzon\u0105 przez System Zarz\u0105dzania Bezpiecze\u0144stwem Informacji (certyfikat ISO 27001:2017). Jeste\u015bmy obecnie jednym z najwi\u0119kszych broker\u00f3w z wy\u0142\u0105cznie polskim kapita\u0142em, od lat plasuj\u0105c si\u0119 w czo\u0142\u00f3wce ranking\u00f3w firm brokerskich w Polsce. Nr 1 jako niezale\u017cny podmiot. [&hellip;]<\/p>\n","protected":false},"author":3,"featured_media":0,"parent":0,"menu_order":0,"comment_status":"closed","ping_status":"closed","template":"","meta":{"footnotes":""},"class_list":["post-237","page","type-page","status-publish","hentry"],"_links":{"self":[{"href":"https:\/\/emerytura.mentor.pl\/index.php?rest_route=\/wp\/v2\/pages\/237","targetHints":{"allow":["GET"]}}],"collection":[{"href":"https:\/\/emerytura.mentor.pl\/index.php?rest_route=\/wp\/v2\/pages"}],"about":[{"href":"https:\/\/emerytura.mentor.pl\/index.php?rest_route=\/wp\/v2\/types\/page"}],"author":[{"embeddable":true,"href":"https:\/\/emerytura.mentor.pl\/index.php?rest_route=\/wp\/v2\/users\/3"}],"replies":[{"embeddable":true,"href":"https:\/\/emerytura.mentor.pl\/index.php?rest_route=%2Fwp%2Fv2%2Fcomments&post=237"}],"version-history":[{"count":13,"href":"https:\/\/emerytura.mentor.pl\/index.php?rest_route=\/wp\/v2\/pages\/237\/revisions"}],"predecessor-version":[{"id":305,"href":"https:\/\/emerytura.mentor.pl\/index.php?rest_route=\/wp\/v2\/pages\/237\/revisions\/305"}],"wp:attachment":[{"href":"https:\/\/emerytura.mentor.pl\/index.php?rest_route=%2Fwp%2Fv2%2Fmedia&parent=237"}],"curies":[{"name":"wp","href":"https:\/\/api.w.org\/{rel}","templated":true}]}}