{"id":241,"date":"2024-10-24T09:38:38","date_gmt":"2024-10-24T07:38:38","guid":{"rendered":"https:\/\/emerytura.mentor.pl\/?page_id=241"},"modified":"2024-10-29T10:24:23","modified_gmt":"2024-10-29T09:24:23","slug":"o-nas","status":"publish","type":"page","link":"https:\/\/emerytura.mentor.pl\/?page_id=241","title":{"rendered":"O NAS"},"content":{"rendered":"\n<figure class=\"wp-block-image size-large\"><img loading=\"lazy\" decoding=\"async\" width=\"1024\" height=\"683\" src=\"https:\/\/emerytura.mentor.pl\/wp-content\/uploads\/2024\/10\/Fotolia_168428390_Subscription_Monthly_XXL-1024x683.jpg\" alt=\"\" class=\"wp-image-320\" srcset=\"https:\/\/emerytura.mentor.pl\/wp-content\/uploads\/2024\/10\/Fotolia_168428390_Subscription_Monthly_XXL-1024x683.jpg 1024w, https:\/\/emerytura.mentor.pl\/wp-content\/uploads\/2024\/10\/Fotolia_168428390_Subscription_Monthly_XXL-300x200.jpg 300w, https:\/\/emerytura.mentor.pl\/wp-content\/uploads\/2024\/10\/Fotolia_168428390_Subscription_Monthly_XXL-768x513.jpg 768w, https:\/\/emerytura.mentor.pl\/wp-content\/uploads\/2024\/10\/Fotolia_168428390_Subscription_Monthly_XXL-1536x1025.jpg 1536w, https:\/\/emerytura.mentor.pl\/wp-content\/uploads\/2024\/10\/Fotolia_168428390_Subscription_Monthly_XXL-2048x1367.jpg 2048w\" sizes=\"auto, (max-width: 1024px) 100vw, 1024px\" \/><\/figure>\n\n\n\n<p>Rozw\u00f3j rynku emerytalnego oraz rosn\u0105ce zapotrzebowanie pracownik\u00f3w na poszukiwanie bezpiecznych form alokacji i pomna\u017cania kapita\u0142u sk\u0142oni\u0142 nas do utworzenia w 2018 r. wyspecjalizowanego <strong>Biura Program\u00f3w Emerytalnych i Kapita\u0142owych (BPEiK)<\/strong>. Od tego momentu uruchomili\u015bmy ponad <strong>30 Pracowniczych Program\u00f3w Emerytalnych<\/strong> <strong>(PPE)<\/strong> oraz doprowadzili\u015bmy do zawarcia ok<strong>. 2 500 um\u00f3w o zarz\u0105dzanie Pracowniczymi Planami Kapita\u0142owymi<\/strong> <strong>(PPK).<\/strong><\/p>\n\n\n\n<p>Jako jedyny na rynku niezale\u017cny podmiot przeprowadzili\u015bmy &#8211; przy wsp\u00f3\u0142pracy z pa\u0144stwowymi uczelniami wy\u017cszymi &#8211; ju\u017c 2 edycje badania po\u015bwi\u0119conego postrzeganiu atrakcyjno\u015bci i funkcjonowania PPK. Wynikami prac zespo\u0142\u00f3w badawczych s\u0105 obszerne raporty, kt\u00f3re udost\u0119pniamy do pobrania:<\/p>\n\n\n\n<div class=\"wp-block-file\"><a id=\"wp-block-file--media-a05c2750-47bf-40cc-a4a3-6d910df1cf60\" href=\"https:\/\/emerytura.mentor.pl\/wp-content\/uploads\/2024\/10\/Raport-PPK-2021.pdf\"><strong><mark style=\"background-color:rgba(0, 0, 0, 0)\" class=\"has-inline-color has-vivid-cyan-blue-color\">Raport-PPK-2021<\/mark><\/strong><\/a><a href=\"https:\/\/emerytura.mentor.pl\/wp-content\/uploads\/2024\/10\/Raport-PPK-2021.pdf\" class=\"wp-block-file__button wp-element-button\" download aria-describedby=\"wp-block-file--media-a05c2750-47bf-40cc-a4a3-6d910df1cf60\"><strong><mark style=\"background-color:rgba(0, 0, 0, 0)\" class=\"has-inline-color has-white-color\">Pobierz<\/mark><\/strong><\/a><\/div>\n\n\n\n<div class=\"wp-block-file\"><a id=\"wp-block-file--media-2753bc6c-cabf-4c66-b959-606d21d6a7af\" href=\"https:\/\/emerytura.mentor.pl\/wp-content\/uploads\/2024\/10\/Raport-PPK-2022.pdf\"><strong><mark style=\"background-color:rgba(0, 0, 0, 0)\" class=\"has-inline-color has-vivid-cyan-blue-color\">Raport-PPK-2022<\/mark><\/strong><\/a><a href=\"https:\/\/emerytura.mentor.pl\/wp-content\/uploads\/2024\/10\/Raport-PPK-2022.pdf\" class=\"wp-block-file__button wp-element-button\" download aria-describedby=\"wp-block-file--media-2753bc6c-cabf-4c66-b959-606d21d6a7af\"><strong><mark style=\"background-color:rgba(0, 0, 0, 0)\" class=\"has-inline-color has-white-color\">Pobierz<\/mark><\/strong><\/a><\/div>\n\n\n\n<p><\/p>\n","protected":false},"excerpt":{"rendered":"<p>Rozw\u00f3j rynku emerytalnego oraz rosn\u0105ce zapotrzebowanie pracownik\u00f3w na poszukiwanie bezpiecznych form alokacji i pomna\u017cania kapita\u0142u sk\u0142oni\u0142 nas do utworzenia w 2018 r. wyspecjalizowanego Biura Program\u00f3w Emerytalnych i Kapita\u0142owych (BPEiK). Od tego momentu uruchomili\u015bmy ponad 30 Pracowniczych Program\u00f3w Emerytalnych (PPE) oraz doprowadzili\u015bmy do zawarcia ok. 2 500 um\u00f3w o zarz\u0105dzanie Pracowniczymi Planami Kapita\u0142owymi (PPK). Jako jedyny [&hellip;]<\/p>\n","protected":false},"author":3,"featured_media":0,"parent":0,"menu_order":0,"comment_status":"closed","ping_status":"closed","template":"","meta":{"footnotes":""},"class_list":["post-241","page","type-page","status-publish","hentry"],"_links":{"self":[{"href":"https:\/\/emerytura.mentor.pl\/index.php?rest_route=\/wp\/v2\/pages\/241","targetHints":{"allow":["GET"]}}],"collection":[{"href":"https:\/\/emerytura.mentor.pl\/index.php?rest_route=\/wp\/v2\/pages"}],"about":[{"href":"https:\/\/emerytura.mentor.pl\/index.php?rest_route=\/wp\/v2\/types\/page"}],"author":[{"embeddable":true,"href":"https:\/\/emerytura.mentor.pl\/index.php?rest_route=\/wp\/v2\/users\/3"}],"replies":[{"embeddable":true,"href":"https:\/\/emerytura.mentor.pl\/index.php?rest_route=%2Fwp%2Fv2%2Fcomments&post=241"}],"version-history":[{"count":9,"href":"https:\/\/emerytura.mentor.pl\/index.php?rest_route=\/wp\/v2\/pages\/241\/revisions"}],"predecessor-version":[{"id":321,"href":"https:\/\/emerytura.mentor.pl\/index.php?rest_route=\/wp\/v2\/pages\/241\/revisions\/321"}],"wp:attachment":[{"href":"https:\/\/emerytura.mentor.pl\/index.php?rest_route=%2Fwp%2Fv2%2Fmedia&parent=241"}],"curies":[{"name":"wp","href":"https:\/\/api.w.org\/{rel}","templated":true}]}}