{"id":243,"date":"2024-10-24T09:49:08","date_gmt":"2024-10-24T07:49:08","guid":{"rendered":"https:\/\/emerytura.mentor.pl\/?page_id=243"},"modified":"2024-10-29T09:14:28","modified_gmt":"2024-10-29T08:14:28","slug":"oferta","status":"publish","type":"page","link":"https:\/\/emerytura.mentor.pl\/?page_id=243","title":{"rendered":"OFERTA"},"content":{"rendered":"\n<figure class=\"wp-block-image size-large\"><img loading=\"lazy\" decoding=\"async\" width=\"1024\" height=\"683\" src=\"https:\/\/emerytura.mentor.pl\/wp-content\/uploads\/2024\/10\/partnership-1024x683.jpg\" alt=\"\" class=\"wp-image-316\" srcset=\"https:\/\/emerytura.mentor.pl\/wp-content\/uploads\/2024\/10\/partnership-1024x683.jpg 1024w, https:\/\/emerytura.mentor.pl\/wp-content\/uploads\/2024\/10\/partnership-300x200.jpg 300w, https:\/\/emerytura.mentor.pl\/wp-content\/uploads\/2024\/10\/partnership-768x513.jpg 768w, https:\/\/emerytura.mentor.pl\/wp-content\/uploads\/2024\/10\/partnership-1536x1025.jpg 1536w, https:\/\/emerytura.mentor.pl\/wp-content\/uploads\/2024\/10\/partnership-2048x1367.jpg 2048w\" sizes=\"auto, (max-width: 1024px) 100vw, 1024px\" \/><\/figure>\n\n\n\n<p>Wychodzimy naprzeciw oczekiwaniom Pracodawc\u00f3w, kt\u00f3rzy coraz cz\u0119\u015bciej si\u0119gaj\u0105 do instrument\u00f3w motywuj\u0105cych pracownik\u00f3w w postaci dodatkowych zach\u0119t finansowych, do jakich nale\u017c\u0105 w\u0142a\u015bnie programy o charakterze oszcz\u0119dno\u015bciowo-emerytalnym.<\/p>\n\n\n\n<p>Dzi\u0119ki znajomo\u015bci rynku instytucji finansowych oraz ugruntowanej pozycji negocjacyjnej jeste\u015bmy w stanie przygotowa\u0107 lub zmodyfikowa\u0107 oraz wdro\u017cy\u0107 dedykowane rozwi\u0105zanie na bazie dost\u0119pnych produkt\u00f3w, jak np.:<\/p>\n\n\n\n<p><strong>Pracownicze Programy Emerytalne (PPE)<\/strong><\/p>\n\n\n\n<p><strong>Pracownicze Plany Kapita\u0142owe (PPK)<\/strong> <\/p>\n\n\n\n<p><strong>Pracownicze Programy Oszcz\u0119dno\u015bciowe (PPO)<\/strong><\/p>\n\n\n\n<p>Propaguj\u0105c w\u015br\u00f3d Klient\u00f3w rosn\u0105ce znaczenie edukacji finansowej wskazujemy na mo\u017cliwo\u015b\u0107 traktowania dodatkowych form oszcz\u0119dzania jako benefitu i wyr\u00f3\u017cnienia dla wszystkich pracownik\u00f3w b\u0105d\u017a wybranej grupy specjalist\u00f3w, kt\u00f3rzy s\u0105 wyj\u0105tkowo cenni dla organizacji. Mog\u0105 one funkcjonowa\u0107 niezale\u017cnie lub wsp\u00f3\u0142tworzy\u0107 program benefitowy oferowany przez Pracodawc\u0119.<\/p>\n\n\n\n<p>Zach\u0119camy do zapoznania si\u0119 z naszym folderem informacyjnym. Znajdziecie w nim Pa\u0144stwo kilka ciekawych fakt\u00f3w o tym, co Polacy wiedz\u0105 o emeryturach, czy i jak inwestuj\u0105, a tak\u017ce informacje o produktach rynku emerytalnego oraz zakresie us\u0142ug doradczych \u015bwiadczonych w tym obszarze przez Mentor S.A.<\/p>\n\n\n\n<div class=\"wp-block-file\"><a id=\"wp-block-file--media-f51fe72a-57cd-49f0-b477-31a055cbc16a\" href=\"https:\/\/emerytura.mentor.pl\/wp-content\/uploads\/2024\/10\/Folder-BPEiK_Bezpieczne-Jutro-z-Mentor-SA.pdf\"><strong><mark style=\"background-color:rgba(0, 0, 0, 0)\" class=\"has-inline-color has-vivid-cyan-blue-color\">Folder BPEiK_Bezpieczne Jutro z Mentor SA<\/mark><\/strong><\/a><a href=\"https:\/\/emerytura.mentor.pl\/wp-content\/uploads\/2024\/10\/Folder-BPEiK_Bezpieczne-Jutro-z-Mentor-SA.pdf\" class=\"wp-block-file__button wp-element-button\" download aria-describedby=\"wp-block-file--media-f51fe72a-57cd-49f0-b477-31a055cbc16a\"><mark style=\"background-color:rgba(0, 0, 0, 0)\" class=\"has-inline-color has-white-color\"><strong>Pobierz<\/strong><\/mark><\/a><\/div>\n\n\n\n<p><\/p>\n","protected":false},"excerpt":{"rendered":"<p>Wychodzimy naprzeciw oczekiwaniom Pracodawc\u00f3w, kt\u00f3rzy coraz cz\u0119\u015bciej si\u0119gaj\u0105 do instrument\u00f3w motywuj\u0105cych pracownik\u00f3w w postaci dodatkowych zach\u0119t finansowych, do jakich nale\u017c\u0105 w\u0142a\u015bnie programy o charakterze oszcz\u0119dno\u015bciowo-emerytalnym. Dzi\u0119ki znajomo\u015bci rynku instytucji finansowych oraz ugruntowanej pozycji negocjacyjnej jeste\u015bmy w stanie przygotowa\u0107 lub zmodyfikowa\u0107 oraz wdro\u017cy\u0107 dedykowane rozwi\u0105zanie na bazie dost\u0119pnych produkt\u00f3w, jak np.: Pracownicze Programy Emerytalne (PPE) Pracownicze [&hellip;]<\/p>\n","protected":false},"author":3,"featured_media":0,"parent":0,"menu_order":0,"comment_status":"closed","ping_status":"closed","template":"","meta":{"footnotes":""},"class_list":["post-243","page","type-page","status-publish","hentry"],"_links":{"self":[{"href":"https:\/\/emerytura.mentor.pl\/index.php?rest_route=\/wp\/v2\/pages\/243","targetHints":{"allow":["GET"]}}],"collection":[{"href":"https:\/\/emerytura.mentor.pl\/index.php?rest_route=\/wp\/v2\/pages"}],"about":[{"href":"https:\/\/emerytura.mentor.pl\/index.php?rest_route=\/wp\/v2\/types\/page"}],"author":[{"embeddable":true,"href":"https:\/\/emerytura.mentor.pl\/index.php?rest_route=\/wp\/v2\/users\/3"}],"replies":[{"embeddable":true,"href":"https:\/\/emerytura.mentor.pl\/index.php?rest_route=%2Fwp%2Fv2%2Fcomments&post=243"}],"version-history":[{"count":9,"href":"https:\/\/emerytura.mentor.pl\/index.php?rest_route=\/wp\/v2\/pages\/243\/revisions"}],"predecessor-version":[{"id":318,"href":"https:\/\/emerytura.mentor.pl\/index.php?rest_route=\/wp\/v2\/pages\/243\/revisions\/318"}],"wp:attachment":[{"href":"https:\/\/emerytura.mentor.pl\/index.php?rest_route=%2Fwp%2Fv2%2Fmedia&parent=243"}],"curies":[{"name":"wp","href":"https:\/\/api.w.org\/{rel}","templated":true}]}}