{"id":267,"date":"2024-10-24T12:08:22","date_gmt":"2024-10-24T10:08:22","guid":{"rendered":"https:\/\/emerytura.mentor.pl\/?page_id=267"},"modified":"2024-10-30T14:26:02","modified_gmt":"2024-10-30T13:26:02","slug":"pracownicze-plany-kapitalowe","status":"publish","type":"page","link":"https:\/\/emerytura.mentor.pl\/?page_id=267","title":{"rendered":"Pracownicze Plany Kapita\u0142owe (PPK)"},"content":{"rendered":"\n<figure class=\"wp-block-image size-large\"><img loading=\"lazy\" decoding=\"async\" width=\"1024\" height=\"683\" src=\"https:\/\/emerytura.mentor.pl\/wp-content\/uploads\/2024\/10\/AdobeStock_340509733-1024x683.jpeg\" alt=\"\" class=\"wp-image-325\" srcset=\"https:\/\/emerytura.mentor.pl\/wp-content\/uploads\/2024\/10\/AdobeStock_340509733-1024x683.jpeg 1024w, https:\/\/emerytura.mentor.pl\/wp-content\/uploads\/2024\/10\/AdobeStock_340509733-300x200.jpeg 300w, https:\/\/emerytura.mentor.pl\/wp-content\/uploads\/2024\/10\/AdobeStock_340509733-768x512.jpeg 768w, https:\/\/emerytura.mentor.pl\/wp-content\/uploads\/2024\/10\/AdobeStock_340509733-1536x1024.jpeg 1536w, https:\/\/emerytura.mentor.pl\/wp-content\/uploads\/2024\/10\/AdobeStock_340509733-2048x1365.jpeg 2048w\" sizes=\"auto, (max-width: 1024px) 100vw, 1024px\" \/><\/figure>\n\n\n\n<p>Pracownicze Plany Kapita\u0142owe (PPK) moc\u0105 ustawy stanowi\u0105 obligatoryjny element pakietu \u015bwiadcze\u0144 oferowanych zatrudnionym osobom przez Pracodawc\u00f3w. Celem PPK jest <strong>zach\u0119cenie Polak\u00f3w do d\u0142ugoterminowego oszcz\u0119dzania, zwi\u0119kszenie bezpiecze\u0144stwa finansowego i odci\u0105\u017cenie systemu emerytalnego (ZUS).<\/strong> Decyzje zwi\u0105zane z uruchomieniem PPK przez Pracodawc\u0119 wymagaj\u0105 odpowiedzialno\u015bci za podj\u0119te dzia\u0142ania i wi\u0105\u017c\u0105 si\u0119 z ryzykiem dokonania niew\u0142a\u015bciwego wyboru. Podejmuj\u0105c wsp\u00f3\u0142prac\u0119 z profesjonalnym doradc\u0105 <strong>chronicie Pa\u0144stwo zar\u00f3wno interes w\u0142asny, jak i oszcz\u0119dno\u015bci w programie Pracownik\u00f3w<\/strong>.<\/p>\n\n\n\n<p>Us\u0142uga \u015bwiadczona przez nas opiera si\u0119 na rozpoznaniu i zdefiniowaniu potrzeb Pracodawcy oraz strony spo\u0142ecznej, w oparciu o kt\u00f3re dokonujemy przegl\u0105du ofert instytucji zarz\u0105dzaj\u0105cych PPK. Przy wdro\u017ceniu PPK jeste\u015bmy do Pa\u0144stwa dyspozycji na ka\u017cdym kroku, pocz\u0105wszy od wsparcia przy opracowaniu kryteri\u00f3w wyboru instytucji zarz\u0105dzaj\u0105cej, poprzez analiz\u0119 ofert sk\u0142adanych przez zarz\u0105dzaj\u0105cych, pomy\u015blne zawarcie wcze\u015bniej przeanalizowanych warunk\u00f3w um\u00f3w, a sko\u0144czywszy na pomocy w akcji informacyjnej dla Pracownik\u00f3w.<\/p>\n\n\n<div class=\"wp-block-image\">\n<figure class=\"aligncenter size-full\"><img loading=\"lazy\" decoding=\"async\" width=\"1024\" height=\"380\" src=\"https:\/\/emerytura.mentor.pl\/wp-content\/uploads\/2024\/10\/grafika_02_02.png\" alt=\"\" class=\"wp-image-344\" srcset=\"https:\/\/emerytura.mentor.pl\/wp-content\/uploads\/2024\/10\/grafika_02_02.png 1024w, https:\/\/emerytura.mentor.pl\/wp-content\/uploads\/2024\/10\/grafika_02_02-300x111.png 300w, https:\/\/emerytura.mentor.pl\/wp-content\/uploads\/2024\/10\/grafika_02_02-768x285.png 768w\" sizes=\"auto, (max-width: 1024px) 100vw, 1024px\" \/><\/figure>\n<\/div>\n\n\n<p><\/p>\n","protected":false},"excerpt":{"rendered":"<p>Pracownicze Plany Kapita\u0142owe (PPK) moc\u0105 ustawy stanowi\u0105 obligatoryjny element pakietu \u015bwiadcze\u0144 oferowanych zatrudnionym osobom przez Pracodawc\u00f3w. Celem PPK jest zach\u0119cenie Polak\u00f3w do d\u0142ugoterminowego oszcz\u0119dzania, zwi\u0119kszenie bezpiecze\u0144stwa finansowego i odci\u0105\u017cenie systemu emerytalnego (ZUS). Decyzje zwi\u0105zane z uruchomieniem PPK przez Pracodawc\u0119 wymagaj\u0105 odpowiedzialno\u015bci za podj\u0119te dzia\u0142ania i wi\u0105\u017c\u0105 si\u0119 z ryzykiem dokonania niew\u0142a\u015bciwego wyboru. Podejmuj\u0105c wsp\u00f3\u0142prac\u0119 z [&hellip;]<\/p>\n","protected":false},"author":3,"featured_media":0,"parent":0,"menu_order":0,"comment_status":"closed","ping_status":"closed","template":"","meta":{"footnotes":""},"class_list":["post-267","page","type-page","status-publish","hentry"],"_links":{"self":[{"href":"https:\/\/emerytura.mentor.pl\/index.php?rest_route=\/wp\/v2\/pages\/267","targetHints":{"allow":["GET"]}}],"collection":[{"href":"https:\/\/emerytura.mentor.pl\/index.php?rest_route=\/wp\/v2\/pages"}],"about":[{"href":"https:\/\/emerytura.mentor.pl\/index.php?rest_route=\/wp\/v2\/types\/page"}],"author":[{"embeddable":true,"href":"https:\/\/emerytura.mentor.pl\/index.php?rest_route=\/wp\/v2\/users\/3"}],"replies":[{"embeddable":true,"href":"https:\/\/emerytura.mentor.pl\/index.php?rest_route=%2Fwp%2Fv2%2Fcomments&post=267"}],"version-history":[{"count":5,"href":"https:\/\/emerytura.mentor.pl\/index.php?rest_route=\/wp\/v2\/pages\/267\/revisions"}],"predecessor-version":[{"id":346,"href":"https:\/\/emerytura.mentor.pl\/index.php?rest_route=\/wp\/v2\/pages\/267\/revisions\/346"}],"wp:attachment":[{"href":"https:\/\/emerytura.mentor.pl\/index.php?rest_route=%2Fwp%2Fv2%2Fmedia&parent=267"}],"curies":[{"name":"wp","href":"https:\/\/api.w.org\/{rel}","templated":true}]}}