{"id":273,"date":"2024-10-24T12:20:38","date_gmt":"2024-10-24T10:20:38","guid":{"rendered":"https:\/\/emerytura.mentor.pl\/?page_id=273"},"modified":"2024-10-30T13:02:53","modified_gmt":"2024-10-30T12:02:53","slug":"indywidualne-konta-emerytalne-i-indywidualne-konta-zabezpieczenia-emerytalnego","status":"publish","type":"page","link":"https:\/\/emerytura.mentor.pl\/?page_id=273","title":{"rendered":"Indywidualne Konta Emerytalne i Indywidualne Konta Zabezpieczenia Emerytalnego"},"content":{"rendered":"\n<figure class=\"wp-block-image size-full\"><img loading=\"lazy\" decoding=\"async\" width=\"1024\" height=\"683\" src=\"https:\/\/emerytura.mentor.pl\/wp-content\/uploads\/2024\/10\/grafika_03.png\" alt=\"\" class=\"wp-image-340\" srcset=\"https:\/\/emerytura.mentor.pl\/wp-content\/uploads\/2024\/10\/grafika_03.png 1024w, https:\/\/emerytura.mentor.pl\/wp-content\/uploads\/2024\/10\/grafika_03-300x200.png 300w, https:\/\/emerytura.mentor.pl\/wp-content\/uploads\/2024\/10\/grafika_03-768x512.png 768w\" sizes=\"auto, (max-width: 1024px) 100vw, 1024px\" \/><\/figure>\n\n\n\n<p>Obydwa produkty to swego rodzaju skarbonki, kt\u00f3re pozwalaj\u0105 na systematyczne bezobs\u0142ugowe odk\u0142adanie dodatkowych oszcz\u0119dno\u015bci, kt\u00f3re maj\u0105 pozwoli\u0107 nam na <strong>zbudowanie finansowej poduszki bezpiecze\u0144stwa po przej\u015bciu na emerytur\u0119<\/strong>. Dost\u0119pne s\u0105 zar\u00f3wno w bankowych i maklerskich kana\u0142ach dystrybucji produkt\u00f3w inwestycyjnych, jak i mo\u017cliwe do za\u0142o\u017cenia samodzielnie poprzez portale instytucji finansowych. Rodzaj strategii lokowania gromadzonych aktyw\u00f3w jest zale\u017cny od wieku posiadacza IKE lub IKZE, ma on r\u00f3wnie\u017c mo\u017cliwo\u015b\u0107 wyboru w\u0142asnej \u015bcie\u017cki \u2013 dostosowanej do w\u0142asnego apetytu na ryzyko. Dodatkowo w przypadku IKZE ustawodawca zagwarantowa\u0142 uprawnienie do skorzystania z <strong>mo\u017cliwo\u015bci odliczenia wp\u0142aty na rachunek od podstawy opodatkowania podatkiem PIT<\/strong> w rozliczeniu rocznym.<\/p>\n\n\n\n<p>Jako, \u017ce jednym z naszych hase\u0142 przewodnich jest <strong>SI\u0141A W WIEDZY<\/strong>, to w\u0142a\u015bnie zdobyt\u0105 wiedz\u0105 i do\u015bwiadczeniem ch\u0119tnie dzielimy si\u0119 z Pracodawcami. Jako uzupe\u0142nienie wsp\u00f3\u0142pracy w zakresie produkt\u00f3w grupowych anga\u017cujemy si\u0119 w promocj\u0119 edukacji finansowej w\u015br\u00f3d pracownik\u00f3w.<\/p>\n\n\n\n<p><\/p>\n","protected":false},"excerpt":{"rendered":"<p>Obydwa produkty to swego rodzaju skarbonki, kt\u00f3re pozwalaj\u0105 na systematyczne bezobs\u0142ugowe odk\u0142adanie dodatkowych oszcz\u0119dno\u015bci, kt\u00f3re maj\u0105 pozwoli\u0107 nam na zbudowanie finansowej poduszki bezpiecze\u0144stwa po przej\u015bciu na emerytur\u0119. Dost\u0119pne s\u0105 zar\u00f3wno w bankowych i maklerskich kana\u0142ach dystrybucji produkt\u00f3w inwestycyjnych, jak i mo\u017cliwe do za\u0142o\u017cenia samodzielnie poprzez portale instytucji finansowych. Rodzaj strategii lokowania gromadzonych aktyw\u00f3w jest zale\u017cny [&hellip;]<\/p>\n","protected":false},"author":3,"featured_media":0,"parent":0,"menu_order":0,"comment_status":"closed","ping_status":"closed","template":"","meta":{"footnotes":""},"class_list":["post-273","page","type-page","status-publish","hentry"],"_links":{"self":[{"href":"https:\/\/emerytura.mentor.pl\/index.php?rest_route=\/wp\/v2\/pages\/273","targetHints":{"allow":["GET"]}}],"collection":[{"href":"https:\/\/emerytura.mentor.pl\/index.php?rest_route=\/wp\/v2\/pages"}],"about":[{"href":"https:\/\/emerytura.mentor.pl\/index.php?rest_route=\/wp\/v2\/types\/page"}],"author":[{"embeddable":true,"href":"https:\/\/emerytura.mentor.pl\/index.php?rest_route=\/wp\/v2\/users\/3"}],"replies":[{"embeddable":true,"href":"https:\/\/emerytura.mentor.pl\/index.php?rest_route=%2Fwp%2Fv2%2Fcomments&post=273"}],"version-history":[{"count":6,"href":"https:\/\/emerytura.mentor.pl\/index.php?rest_route=\/wp\/v2\/pages\/273\/revisions"}],"predecessor-version":[{"id":341,"href":"https:\/\/emerytura.mentor.pl\/index.php?rest_route=\/wp\/v2\/pages\/273\/revisions\/341"}],"wp:attachment":[{"href":"https:\/\/emerytura.mentor.pl\/index.php?rest_route=%2Fwp%2Fv2%2Fmedia&parent=273"}],"curies":[{"name":"wp","href":"https:\/\/api.w.org\/{rel}","templated":true}]}}